{"id":373,"date":"2024-12-03T14:07:02","date_gmt":"2024-12-03T14:07:02","guid":{"rendered":"https:\/\/sdc.utcluj.ro\/?page_id=373"},"modified":"2024-12-03T14:11:07","modified_gmt":"2024-12-03T14:11:07","slug":"sdc-2014","status":"publish","type":"page","link":"https:\/\/sdc.utcluj.ro\/en\/sdc-2014\/","title":{"rendered":"SDC 2014 &#8211; Anchorage"},"content":{"rendered":"<div data-elementor-type=\"wp-post\" data-elementor-id=\"373\" class=\"elementor elementor-373\">\n\t\t\t\t<div class=\"elementor-element elementor-element-0c338c6 e-flex e-con-boxed e-con e-parent\" data-id=\"0c338c6\" data-element_type=\"container\" data-settings=\"{&quot;background_background&quot;:&quot;classic&quot;}\">\n\t\t\t\t\t<div class=\"e-con-inner\">\n\t\t\t\t\t<\/div>\n\t\t\t\t<\/div>\n\t\t<div class=\"elementor-element elementor-element-1942732 e-flex e-con-boxed e-con e-parent\" data-id=\"1942732\" data-element_type=\"container\">\n\t\t\t\t\t<div class=\"e-con-inner\">\n\t\t\t\t<div class=\"elementor-element elementor-element-e9e9ef2 elementor-widget elementor-widget-heading\" data-id=\"e9e9ef2\" data-element_type=\"widget\" data-widget_type=\"heading.default\">\n\t\t\t\t<div class=\"elementor-widget-container\">\n\t\t\t<h2 class=\"elementor-heading-title elementor-size-default\">Awards<\/h2>\t\t<\/div>\n\t\t\t\t<\/div>\n\t\t\t\t<div class=\"elementor-element elementor-element-5f6db85 elementor-widget elementor-widget-heading\" data-id=\"5f6db85\" data-element_type=\"widget\" data-widget_type=\"heading.default\">\n\t\t\t\t<div class=\"elementor-widget-container\">\n\t\t\t<h3 class=\"elementor-heading-title elementor-size-default\">1st Place - SDC 2014<\/h3>\t\t<\/div>\n\t\t\t\t<\/div>\n\t\t\t\t<div class=\"elementor-element elementor-element-fcefa43 elementor-widget elementor-widget-image\" data-id=\"fcefa43\" data-element_type=\"widget\" data-widget_type=\"image.default\">\n\t\t\t\t<div class=\"elementor-widget-container\">\n\t\t\t\t\t\t\t\t\t\t\t\t\t<img fetchpriority=\"high\" decoding=\"async\" width=\"768\" height=\"547\" src=\"https:\/\/sdc.utcluj.ro\/wp-content\/uploads\/2024\/12\/award1-1.jpg\" class=\"attachment-large size-large wp-image-375\" alt=\"\" srcset=\"https:\/\/sdc.utcluj.ro\/wp-content\/uploads\/2024\/12\/award1-1.jpg 768w, https:\/\/sdc.utcluj.ro\/wp-content\/uploads\/2024\/12\/award1-1-300x214.jpg 300w\" sizes=\"(max-width: 768px) 100vw, 768px\" \/>\t\t\t\t\t\t\t\t\t\t\t\t\t<\/div>\n\t\t\t\t<\/div>\n\t\t\t\t<div class=\"elementor-element elementor-element-3becb01 elementor-widget elementor-widget-heading\" data-id=\"3becb01\" data-element_type=\"widget\" data-widget_type=\"heading.default\">\n\t\t\t\t<div class=\"elementor-widget-container\">\n\t\t\t<h3 class=\"elementor-heading-title elementor-size-default\">CSI Award for Communication<\/h3>\t\t<\/div>\n\t\t\t\t<\/div>\n\t\t\t\t\t<\/div>\n\t\t\t\t<\/div>\n\t\t<div class=\"elementor-element elementor-element-bc79a14 e-flex e-con-boxed e-con e-parent\" data-id=\"bc79a14\" data-element_type=\"container\">\n\t\t\t\t\t<div class=\"e-con-inner\">\n\t\t\t\t<div class=\"elementor-element elementor-element-0b41bae elementor-widget__width-inherit elementor-widget-divider--view-line elementor-widget elementor-widget-divider\" data-id=\"0b41bae\" data-element_type=\"widget\" data-widget_type=\"divider.default\">\n\t\t\t\t<div class=\"elementor-widget-container\">\n\t\t\t\t\t<div class=\"elementor-divider\">\n\t\t\t<span class=\"elementor-divider-separator\">\n\t\t\t\t\t\t<\/span>\n\t\t<\/div>\n\t\t\t\t<\/div>\n\t\t\t\t<\/div>\n\t\t\t\t<div class=\"elementor-element elementor-element-6ed6ccf elementor-widget elementor-widget-heading\" data-id=\"6ed6ccf\" data-element_type=\"widget\" data-widget_type=\"heading.default\">\n\t\t\t\t<div class=\"elementor-widget-container\">\n\t\t\t<h2 class=\"elementor-heading-title elementor-size-default\">The Team\n<\/h2>\t\t<\/div>\n\t\t\t\t<\/div>\n\t\t\t\t<div class=\"elementor-element elementor-element-c1c8462 elementor-widget elementor-widget-text-editor\" data-id=\"c1c8462\" data-element_type=\"widget\" data-widget_type=\"text-editor.default\">\n\t\t\t\t<div class=\"elementor-widget-container\">\n\t\t\t\t\t\t\t<p><strong>Faculty of Constructions<\/strong><br \/>Aslovici \u0218tefan<br \/>Costa Claudiu<br \/>Dez\u0151 Andrea<br \/>Flesch Norbert<br \/>Kup\u00e1s P\u00e9ter<br \/>Silaghi Florin<br \/>Simon Anik\u00f3<br \/>Vran\u0103u Cristina<br \/>Vulcan Alexandru<\/p><p><strong>Faculty of Architecture and Urbanism<\/strong><br \/>Hlihor Georgiana<br \/>Neagu Mugur<\/p>\t\t\t\t\t\t<\/div>\n\t\t\t\t<\/div>\n\t\t\t\t\t<\/div>\n\t\t\t\t<\/div>\n\t\t<div class=\"elementor-element elementor-element-6c16fee e-flex e-con-boxed e-con e-parent\" data-id=\"6c16fee\" data-element_type=\"container\">\n\t\t\t\t\t<div class=\"e-con-inner\">\n\t\t\t\t<div class=\"elementor-element elementor-element-dd1ab53 elementor-widget__width-inherit elementor-widget-divider--view-line elementor-widget elementor-widget-divider\" data-id=\"dd1ab53\" data-element_type=\"widget\" data-widget_type=\"divider.default\">\n\t\t\t\t<div class=\"elementor-widget-container\">\n\t\t\t\t\t<div class=\"elementor-divider\">\n\t\t\t<span class=\"elementor-divider-separator\">\n\t\t\t\t\t\t<\/span>\n\t\t<\/div>\n\t\t\t\t<\/div>\n\t\t\t\t<\/div>\n\t\t\t\t<div class=\"elementor-element elementor-element-37e1fbd elementor-widget elementor-widget-heading\" data-id=\"37e1fbd\" data-element_type=\"widget\" data-widget_type=\"heading.default\">\n\t\t\t\t<div class=\"elementor-widget-container\">\n\t\t\t<h2 class=\"elementor-heading-title elementor-size-default\">Poster - Anchorage's 7th Peak\n<\/h2>\t\t<\/div>\n\t\t\t\t<\/div>\n\t\t\t\t<div class=\"elementor-element elementor-element-6622bdf elementor-widget elementor-widget-image\" data-id=\"6622bdf\" data-element_type=\"widget\" data-widget_type=\"image.default\">\n\t\t\t\t<div class=\"elementor-widget-container\">\n\t\t\t\t\t\t\t\t\t\t\t\t\t<img decoding=\"async\" width=\"800\" height=\"875\" src=\"https:\/\/sdc.utcluj.ro\/wp-content\/uploads\/2024\/12\/poster-1-936x1024.jpg\" class=\"attachment-large size-large wp-image-376\" alt=\"\" srcset=\"https:\/\/sdc.utcluj.ro\/wp-content\/uploads\/2024\/12\/poster-1-936x1024.jpg 936w, https:\/\/sdc.utcluj.ro\/wp-content\/uploads\/2024\/12\/poster-1-274x300.jpg 274w, https:\/\/sdc.utcluj.ro\/wp-content\/uploads\/2024\/12\/poster-1-768x840.jpg 768w, https:\/\/sdc.utcluj.ro\/wp-content\/uploads\/2024\/12\/poster-1.jpg 1000w\" sizes=\"(max-width: 800px) 100vw, 800px\" \/>\t\t\t\t\t\t\t\t\t\t\t\t\t<\/div>\n\t\t\t\t<\/div>\n\t\t\t\t\t<\/div>\n\t\t\t\t<\/div>\n\t\t<div class=\"elementor-element elementor-element-2641db8 e-flex e-con-boxed e-con e-parent\" data-id=\"2641db8\" data-element_type=\"container\">\n\t\t\t\t\t<div class=\"e-con-inner\">\n\t\t\t\t<div class=\"elementor-element elementor-element-9ccc573 elementor-widget__width-inherit elementor-widget-divider--view-line elementor-widget elementor-widget-divider\" data-id=\"9ccc573\" data-element_type=\"widget\" data-widget_type=\"divider.default\">\n\t\t\t\t<div class=\"elementor-widget-container\">\n\t\t\t\t\t<div class=\"elementor-divider\">\n\t\t\t<span class=\"elementor-divider-separator\">\n\t\t\t\t\t\t<\/span>\n\t\t<\/div>\n\t\t\t\t<\/div>\n\t\t\t\t<\/div>\n\t\t\t\t<div class=\"elementor-element elementor-element-ad93d82 elementor-widget elementor-widget-heading\" data-id=\"ad93d82\" data-element_type=\"widget\" data-widget_type=\"heading.default\">\n\t\t\t\t<div class=\"elementor-widget-container\">\n\t\t\t<h2 class=\"elementor-heading-title elementor-size-default\">Testing the structure at Seismic Design Competition 2014\n<\/h2>\t\t<\/div>\n\t\t\t\t<\/div>\n\t\t\t\t<div class=\"elementor-element elementor-element-b477757 elementor-widget elementor-widget-video\" data-id=\"b477757\" data-element_type=\"widget\" data-settings=\"{&quot;video_type&quot;:&quot;vimeo&quot;}\" data-widget_type=\"video.default\">\n\t\t\t\t<div class=\"elementor-widget-container\">\n\t\t\t\t\t<div class=\"elementor-wrapper elementor-open-inline\">\n\t\t\t<iframe class=\"elementor-video-iframe\" allowfullscreen allow=\"clipboard-write\" title=\"vimeo Video Player\" src=\"https:\/\/player.vimeo.com\/video\/260299128?color&amp;autopause=0&amp;loop=0&amp;muted=0&amp;title=1&amp;portrait=1&amp;byline=1#t=\" data-no-translation-title=\"\"><\/iframe>\t\t<\/div>\n\t\t\t\t<\/div>\n\t\t\t\t<\/div>\n\t\t\t\t\t<\/div>\n\t\t\t\t<\/div>\n\t\t\t\t<\/div>","protected":false},"excerpt":{"rendered":"<p>Premii Locul I &#8211; SDC 2014 Premiul CSI pentru comunica\u021bie Echipa Facultatea de Construc\u021bii:Aslovici \u0218tefanCosta ClaudiuDez\u0151 AndreaFlesch NorbertKup\u00e1s P\u00e9terSilaghi FlorinSimon Anik\u00f3Vran\u0103u CristinaVulcan Alexandru Facultatea de Arhitectur\u0103:Hlihor GeorgianaNeagu Mugur Poster &#8211; Anchorage&#8217;s 7th Peak Testarea structurii la Seismic Design Competition 2014<\/p>","protected":false},"author":1,"featured_media":0,"parent":0,"menu_order":0,"comment_status":"closed","ping_status":"closed","template":"","meta":{"footnotes":""},"class_list":["post-373","page","type-page","status-publish","hentry"],"_links":{"self":[{"href":"https:\/\/sdc.utcluj.ro\/en\/wp-json\/wp\/v2\/pages\/373","targetHints":{"allow":["GET"]}}],"collection":[{"href":"https:\/\/sdc.utcluj.ro\/en\/wp-json\/wp\/v2\/pages"}],"about":[{"href":"https:\/\/sdc.utcluj.ro\/en\/wp-json\/wp\/v2\/types\/page"}],"author":[{"embeddable":true,"href":"https:\/\/sdc.utcluj.ro\/en\/wp-json\/wp\/v2\/users\/1"}],"replies":[{"embeddable":true,"href":"https:\/\/sdc.utcluj.ro\/en\/wp-json\/wp\/v2\/comments?post=373"}],"version-history":[{"count":7,"href":"https:\/\/sdc.utcluj.ro\/en\/wp-json\/wp\/v2\/pages\/373\/revisions"}],"predecessor-version":[{"id":391,"href":"https:\/\/sdc.utcluj.ro\/en\/wp-json\/wp\/v2\/pages\/373\/revisions\/391"}],"wp:attachment":[{"href":"https:\/\/sdc.utcluj.ro\/en\/wp-json\/wp\/v2\/media?parent=373"}],"curies":[{"name":"wp","href":"https:\/\/api.w.org\/{rel}","templated":true}]}}