{"id":380,"date":"2024-12-03T14:10:08","date_gmt":"2024-12-03T14:10:08","guid":{"rendered":"https:\/\/sdc.utcluj.ro\/?page_id=380"},"modified":"2024-12-03T14:16:01","modified_gmt":"2024-12-03T14:16:01","slug":"sdc-2015","status":"publish","type":"page","link":"https:\/\/sdc.utcluj.ro\/en\/sdc-2015\/","title":{"rendered":"SDC 2015 &#8211; Boston"},"content":{"rendered":"<div data-elementor-type=\"wp-post\" data-elementor-id=\"380\" class=\"elementor elementor-380\">\n\t\t\t\t<div class=\"elementor-element elementor-element-0c338c6 e-flex e-con-boxed e-con e-parent\" data-id=\"0c338c6\" data-element_type=\"container\" data-settings=\"{&quot;background_background&quot;:&quot;classic&quot;}\">\n\t\t\t\t\t<div class=\"e-con-inner\">\n\t\t\t\t\t<\/div>\n\t\t\t\t<\/div>\n\t\t<div class=\"elementor-element elementor-element-1942732 e-flex e-con-boxed e-con e-parent\" data-id=\"1942732\" data-element_type=\"container\">\n\t\t\t\t\t<div class=\"e-con-inner\">\n\t\t\t\t<div class=\"elementor-element elementor-element-e9e9ef2 elementor-widget elementor-widget-heading\" data-id=\"e9e9ef2\" data-element_type=\"widget\" data-widget_type=\"heading.default\">\n\t\t\t\t<div class=\"elementor-widget-container\">\n\t\t\t<h2 class=\"elementor-heading-title elementor-size-default\">Awards<\/h2>\t\t<\/div>\n\t\t\t\t<\/div>\n\t\t\t\t\t<\/div>\n\t\t\t\t<\/div>\n\t\t<div class=\"elementor-element elementor-element-ef47fa6 e-flex e-con-boxed e-con e-parent\" data-id=\"ef47fa6\" data-element_type=\"container\">\n\t\t\t\t\t<div class=\"e-con-inner\">\n\t\t\t\t<div class=\"elementor-element elementor-element-ade6780 elementor-widget elementor-widget-image\" data-id=\"ade6780\" data-element_type=\"widget\" data-widget_type=\"image.default\">\n\t\t\t\t<div class=\"elementor-widget-container\">\n\t\t\t\t\t\t\t\t\t\t<figure class=\"wp-caption\">\n\t\t\t\t\t\t\t\t\t\t<img fetchpriority=\"high\" decoding=\"async\" width=\"768\" height=\"541\" src=\"https:\/\/sdc.utcluj.ro\/wp-content\/uploads\/2024\/12\/award1-2.jpg\" class=\"attachment-large size-large wp-image-392\" alt=\"\" srcset=\"https:\/\/sdc.utcluj.ro\/wp-content\/uploads\/2024\/12\/award1-2.jpg 768w, https:\/\/sdc.utcluj.ro\/wp-content\/uploads\/2024\/12\/award1-2-300x211.jpg 300w\" sizes=\"(max-width: 768px) 100vw, 768px\" \/>\t\t\t\t\t\t\t\t\t\t\t<figcaption class=\"widget-image-caption wp-caption-text\">Locul I - SDC 2015<\/figcaption>\n\t\t\t\t\t\t\t\t\t\t<\/figure>\n\t\t\t\t\t\t\t<\/div>\n\t\t\t\t<\/div>\n\t\t\t\t<div class=\"elementor-element elementor-element-fc7de7a elementor-widget elementor-widget-image\" data-id=\"fc7de7a\" data-element_type=\"widget\" data-widget_type=\"image.default\">\n\t\t\t\t<div class=\"elementor-widget-container\">\n\t\t\t\t\t\t\t\t\t\t<figure class=\"wp-caption\">\n\t\t\t\t\t\t\t\t\t\t<img decoding=\"async\" width=\"768\" height=\"543\" src=\"https:\/\/sdc.utcluj.ro\/wp-content\/uploads\/2024\/12\/award2.jpg\" class=\"attachment-large size-large wp-image-393\" alt=\"\" srcset=\"https:\/\/sdc.utcluj.ro\/wp-content\/uploads\/2024\/12\/award2.jpg 768w, https:\/\/sdc.utcluj.ro\/wp-content\/uploads\/2024\/12\/award2-300x212.jpg 300w\" sizes=\"(max-width: 768px) 100vw, 768px\" \/>\t\t\t\t\t\t\t\t\t\t\t<figcaption class=\"widget-image-caption wp-caption-text\">Premiul pentru cea mai bun\u0103 arhitectur\u0103<\/figcaption>\n\t\t\t\t\t\t\t\t\t\t<\/figure>\n\t\t\t\t\t\t\t<\/div>\n\t\t\t\t<\/div>\n\t\t\t\t<div class=\"elementor-element elementor-element-a359456 elementor-widget elementor-widget-image\" data-id=\"a359456\" data-element_type=\"widget\" data-widget_type=\"image.default\">\n\t\t\t\t<div class=\"elementor-widget-container\">\n\t\t\t\t\t\t\t\t\t\t<figure class=\"wp-caption\">\n\t\t\t\t\t\t\t\t\t\t<img decoding=\"async\" width=\"768\" height=\"540\" src=\"https:\/\/sdc.utcluj.ro\/wp-content\/uploads\/2024\/12\/award3.jpg\" class=\"attachment-large size-large wp-image-394\" alt=\"\" srcset=\"https:\/\/sdc.utcluj.ro\/wp-content\/uploads\/2024\/12\/award3.jpg 768w, https:\/\/sdc.utcluj.ro\/wp-content\/uploads\/2024\/12\/award3-300x211.jpg 300w\" sizes=\"(max-width: 768px) 100vw, 768px\" \/>\t\t\t\t\t\t\t\t\t\t\t<figcaption class=\"widget-image-caption wp-caption-text\">Premiul pentru cea mai bun\u0103 performan\u021b\u0103 seismic\u0103<\/figcaption>\n\t\t\t\t\t\t\t\t\t\t<\/figure>\n\t\t\t\t\t\t\t<\/div>\n\t\t\t\t<\/div>\n\t\t\t\t\t<\/div>\n\t\t\t\t<\/div>\n\t\t<div class=\"elementor-element elementor-element-bc79a14 e-flex e-con-boxed e-con e-parent\" data-id=\"bc79a14\" data-element_type=\"container\">\n\t\t\t\t\t<div class=\"e-con-inner\">\n\t\t\t\t<div class=\"elementor-element elementor-element-0b41bae elementor-widget__width-inherit elementor-widget-divider--view-line elementor-widget elementor-widget-divider\" data-id=\"0b41bae\" data-element_type=\"widget\" data-widget_type=\"divider.default\">\n\t\t\t\t<div class=\"elementor-widget-container\">\n\t\t\t\t\t<div class=\"elementor-divider\">\n\t\t\t<span class=\"elementor-divider-separator\">\n\t\t\t\t\t\t<\/span>\n\t\t<\/div>\n\t\t\t\t<\/div>\n\t\t\t\t<\/div>\n\t\t\t\t<div class=\"elementor-element elementor-element-6ed6ccf elementor-widget elementor-widget-heading\" data-id=\"6ed6ccf\" data-element_type=\"widget\" data-widget_type=\"heading.default\">\n\t\t\t\t<div class=\"elementor-widget-container\">\n\t\t\t<h2 class=\"elementor-heading-title elementor-size-default\">The Team\n<\/h2>\t\t<\/div>\n\t\t\t\t<\/div>\n\t\t\t\t<div class=\"elementor-element elementor-element-c1c8462 elementor-widget elementor-widget-text-editor\" data-id=\"c1c8462\" data-element_type=\"widget\" data-widget_type=\"text-editor.default\">\n\t\t\t\t<div class=\"elementor-widget-container\">\n\t\t\t\t\t\t\t<p><strong>Faculty of Constructions<\/strong><br \/>Ana Maria Carpea<br \/>Andrei Mihai Chis<br \/>Iulia Elena Maria F\u0103\u021ban<br \/>Paul Musta<br \/>Norbert Sarkozi<br \/>Mircea Terec<br \/>Alexandru \u021aig\u0103nescu<\/p><p><strong>Faculty of Architecture and Urbanism<\/strong><br \/>Diana Coman<br \/>Alexandru Ivan Greceniuc<\/p>\t\t\t\t\t\t<\/div>\n\t\t\t\t<\/div>\n\t\t\t\t\t<\/div>\n\t\t\t\t<\/div>\n\t\t<div class=\"elementor-element elementor-element-6c16fee e-flex e-con-boxed e-con e-parent\" data-id=\"6c16fee\" data-element_type=\"container\">\n\t\t\t\t\t<div class=\"e-con-inner\">\n\t\t\t\t<div class=\"elementor-element elementor-element-dd1ab53 elementor-widget__width-inherit elementor-widget-divider--view-line elementor-widget elementor-widget-divider\" data-id=\"dd1ab53\" data-element_type=\"widget\" data-widget_type=\"divider.default\">\n\t\t\t\t<div class=\"elementor-widget-container\">\n\t\t\t\t\t<div class=\"elementor-divider\">\n\t\t\t<span class=\"elementor-divider-separator\">\n\t\t\t\t\t\t<\/span>\n\t\t<\/div>\n\t\t\t\t<\/div>\n\t\t\t\t<\/div>\n\t\t\t\t<div class=\"elementor-element elementor-element-37e1fbd elementor-widget elementor-widget-heading\" data-id=\"37e1fbd\" data-element_type=\"widget\" data-widget_type=\"heading.default\">\n\t\t\t\t<div class=\"elementor-widget-container\">\n\t\t\t<h2 class=\"elementor-heading-title elementor-size-default\">Poster - Beacon Tower\n<\/h2>\t\t<\/div>\n\t\t\t\t<\/div>\n\t\t\t\t<div class=\"elementor-element elementor-element-6622bdf elementor-widget elementor-widget-image\" data-id=\"6622bdf\" data-element_type=\"widget\" data-widget_type=\"image.default\">\n\t\t\t\t<div class=\"elementor-widget-container\">\n\t\t\t\t\t\t\t\t\t\t\t\t\t<img loading=\"lazy\" decoding=\"async\" width=\"800\" height=\"934\" src=\"https:\/\/sdc.utcluj.ro\/wp-content\/uploads\/2024\/12\/poster-2-877x1024.jpg\" class=\"attachment-large size-large wp-image-396\" alt=\"\" srcset=\"https:\/\/sdc.utcluj.ro\/wp-content\/uploads\/2024\/12\/poster-2-877x1024.jpg 877w, https:\/\/sdc.utcluj.ro\/wp-content\/uploads\/2024\/12\/poster-2-257x300.jpg 257w, https:\/\/sdc.utcluj.ro\/wp-content\/uploads\/2024\/12\/poster-2-768x896.jpg 768w, https:\/\/sdc.utcluj.ro\/wp-content\/uploads\/2024\/12\/poster-2.jpg 1000w\" sizes=\"(max-width: 800px) 100vw, 800px\" \/>\t\t\t\t\t\t\t\t\t\t\t\t\t<\/div>\n\t\t\t\t<\/div>\n\t\t\t\t\t<\/div>\n\t\t\t\t<\/div>\n\t\t<div class=\"elementor-element elementor-element-2641db8 e-flex e-con-boxed e-con e-parent\" data-id=\"2641db8\" data-element_type=\"container\">\n\t\t\t\t\t<div class=\"e-con-inner\">\n\t\t\t\t<div class=\"elementor-element elementor-element-9ccc573 elementor-widget__width-inherit elementor-widget-divider--view-line elementor-widget elementor-widget-divider\" data-id=\"9ccc573\" data-element_type=\"widget\" data-widget_type=\"divider.default\">\n\t\t\t\t<div class=\"elementor-widget-container\">\n\t\t\t\t\t<div class=\"elementor-divider\">\n\t\t\t<span class=\"elementor-divider-separator\">\n\t\t\t\t\t\t<\/span>\n\t\t<\/div>\n\t\t\t\t<\/div>\n\t\t\t\t<\/div>\n\t\t\t\t<div class=\"elementor-element elementor-element-ad93d82 elementor-widget elementor-widget-heading\" data-id=\"ad93d82\" data-element_type=\"widget\" data-widget_type=\"heading.default\">\n\t\t\t\t<div class=\"elementor-widget-container\">\n\t\t\t<h2 class=\"elementor-heading-title elementor-size-default\">Presentation of Team SDC UTCN 2015\n<\/h2>\t\t<\/div>\n\t\t\t\t<\/div>\n\t\t\t\t<div class=\"elementor-element elementor-element-b477757 elementor-widget elementor-widget-video\" data-id=\"b477757\" data-element_type=\"widget\" data-settings=\"{&quot;video_type&quot;:&quot;vimeo&quot;}\" data-widget_type=\"video.default\">\n\t\t\t\t<div class=\"elementor-widget-container\">\n\t\t\t\t\t<div class=\"elementor-wrapper elementor-open-inline\">\n\t\t\t<iframe class=\"elementor-video-iframe\" allowfullscreen allow=\"clipboard-write\" title=\"vimeo Video Player\" src=\"https:\/\/player.vimeo.com\/video\/260324509?color&amp;autopause=0&amp;loop=0&amp;muted=0&amp;title=1&amp;portrait=1&amp;byline=1#t=\" data-no-translation-title=\"\"><\/iframe>\t\t<\/div>\n\t\t\t\t<\/div>\n\t\t\t\t<\/div>\n\t\t\t\t\t<\/div>\n\t\t\t\t<\/div>\n\t\t<div class=\"elementor-element elementor-element-a94556f e-flex e-con-boxed e-con e-parent\" data-id=\"a94556f\" data-element_type=\"container\">\n\t\t\t\t\t<div class=\"e-con-inner\">\n\t\t\t\t<div class=\"elementor-element elementor-element-c59fa7a elementor-widget__width-inherit elementor-widget-divider--view-line elementor-widget elementor-widget-divider\" data-id=\"c59fa7a\" data-element_type=\"widget\" data-widget_type=\"divider.default\">\n\t\t\t\t<div class=\"elementor-widget-container\">\n\t\t\t\t\t<div class=\"elementor-divider\">\n\t\t\t<span class=\"elementor-divider-separator\">\n\t\t\t\t\t\t<\/span>\n\t\t<\/div>\n\t\t\t\t<\/div>\n\t\t\t\t<\/div>\n\t\t\t\t<div class=\"elementor-element elementor-element-21d2349 elementor-widget elementor-widget-heading\" data-id=\"21d2349\" data-element_type=\"widget\" data-widget_type=\"heading.default\">\n\t\t\t\t<div class=\"elementor-widget-container\">\n\t\t\t<h2 class=\"elementor-heading-title elementor-size-default\">Testimonials<\/h2>\t\t<\/div>\n\t\t\t\t<\/div>\n\t\t\t\t<div class=\"elementor-element elementor-element-8f8d817 elementor-widget elementor-widget-testimonial\" data-id=\"8f8d817\" data-element_type=\"widget\" data-widget_type=\"testimonial.default\">\n\t\t\t\t<div class=\"elementor-widget-container\">\n\t\t\t\t\t<div class=\"elementor-testimonial-wrapper\">\n\t\t\t\t\t\t\t<div class=\"elementor-testimonial-content\">For me SDC was more than a pleasant experience, more than a simple student competition. It was a gateway to a domain that fascinated me, and motivated me to work and learn new things, it was like a springboard to seismic engineering field. Certainly this competition contributed decisively to the path that I follow since I was accepted to a master's program in Earthquake Engineering and Engineering Seismology in France and Italy, and now I have the opportunity to explore in more details what I have discovered in the seismic design competition. Teamwork, the joy of a successful project, the feeling it was worth all the effort and the idea that without this opportunity to participate in the competition I probably would not be here, make the Seismic Design Competition the most beautiful experience of a student's life. I conclude by thanking the professors who guided us and I wish best of luck to the upcoming teams.\n<\/div>\n\t\t\t\n\t\t\t\t\t\t<div class=\"elementor-testimonial-meta\">\n\t\t\t\t<div class=\"elementor-testimonial-meta-inner\">\n\t\t\t\t\t\n\t\t\t\t\t\t\t\t\t\t<div class=\"elementor-testimonial-details\">\n\t\t\t\t\t\t\t\t\t\t\t\t\t\t<div class=\"elementor-testimonial-name\">Alexandru \u021aig\u0103nescu<\/div>\n\t\t\t\t\t\t\t\t\t\t\t\t\t\t\t\t\t\t\t\t\t\t<div class=\"elementor-testimonial-job\">Faculty of Constructions<\/div>\n\t\t\t\t\t\t\t\t\t\t\t\t\t<\/div>\n\t\t\t\t\t\t\t\t\t<\/div>\n\t\t\t<\/div>\n\t\t\t\t\t<\/div>\n\t\t\t\t<\/div>\n\t\t\t\t<\/div>\n\t\t\t\t<div class=\"elementor-element elementor-element-26d79dc elementor-widget elementor-widget-testimonial\" data-id=\"26d79dc\" data-element_type=\"widget\" data-widget_type=\"testimonial.default\">\n\t\t\t\t<div class=\"elementor-widget-container\">\n\t\t\t\t\t<div class=\"elementor-testimonial-wrapper\">\n\t\t\t\t\t\t\t<div class=\"elementor-testimonial-content\">Participating last year at the USDC has left a major impact upon my view on working in teams with partners of mutual interests, helping me notice the importance of commitment from all team members in order to achieve a common goal. Also, this experience has convinced me, that multinational groups have different perspectives on the same field, competitions such as these helping to achieve problem solving ideas faster, such as structural efficiency. Such competitions do not only empower career opportunities, but also offer the individual, in this case, me, the framework to use his full potential.\n<\/div>\n\t\t\t\n\t\t\t\t\t\t<div class=\"elementor-testimonial-meta\">\n\t\t\t\t<div class=\"elementor-testimonial-meta-inner\">\n\t\t\t\t\t\n\t\t\t\t\t\t\t\t\t\t<div class=\"elementor-testimonial-details\">\n\t\t\t\t\t\t\t\t\t\t\t\t\t\t<div class=\"elementor-testimonial-name\">Mircea Terec<\/div>\n\t\t\t\t\t\t\t\t\t\t\t\t\t\t\t\t\t\t\t\t\t\t<div class=\"elementor-testimonial-job\">Faculty of Constructions<\/div>\n\t\t\t\t\t\t\t\t\t\t\t\t\t<\/div>\n\t\t\t\t\t\t\t\t\t<\/div>\n\t\t\t<\/div>\n\t\t\t\t\t<\/div>\n\t\t\t\t<\/div>\n\t\t\t\t<\/div>\n\t\t\t\t<div class=\"elementor-element elementor-element-0589127 elementor-widget elementor-widget-testimonial\" data-id=\"0589127\" data-element_type=\"widget\" data-widget_type=\"testimonial.default\">\n\t\t\t\t<div class=\"elementor-widget-container\">\n\t\t\t\t\t<div class=\"elementor-testimonial-wrapper\">\n\t\t\t\t\t\t\t<div class=\"elementor-testimonial-content\">Seismic Design Competition was one of the biggest opportunities of my life from an educational, social and cultural point of view. When I applied I knew it was going to be an interesting experience but I never imagined what impact it would have on me. One of the major things I learned is actually how little I know, not just about earthquake engineering but about engineering itself, hence the need to better myself. That \u201csimple\u201d balsa structure made me and my colleagues feel helpless more than once, when dealing with the challenges that it presented to us. From our many deadlines I found out that I can achieve a great deal of things in a limited amount of time, how to better manage my schedule, and that in order to win some you must lose some. Team work has taught me a very important lesson, mostly things that I need to change about myself, a lesson about friendship and acceptance despite different opinions and the occasional arguments. This competition was the starting point for getting a job at one of the biggest companies in the world, where this kind of work is appreciated and rewarded. I am very thankful for the chance I was given and for the amazing memories I created.\n<\/div>\n\t\t\t\n\t\t\t\t\t\t<div class=\"elementor-testimonial-meta\">\n\t\t\t\t<div class=\"elementor-testimonial-meta-inner\">\n\t\t\t\t\t\n\t\t\t\t\t\t\t\t\t\t<div class=\"elementor-testimonial-details\">\n\t\t\t\t\t\t\t\t\t\t\t\t\t\t<div class=\"elementor-testimonial-name\">Ana Maria Carpea<\/div>\n\t\t\t\t\t\t\t\t\t\t\t\t\t\t\t\t\t\t\t\t\t\t<div class=\"elementor-testimonial-job\">Faculty of Constructions<\/div>\n\t\t\t\t\t\t\t\t\t\t\t\t\t<\/div>\n\t\t\t\t\t\t\t\t\t<\/div>\n\t\t\t<\/div>\n\t\t\t\t\t<\/div>\n\t\t\t\t<\/div>\n\t\t\t\t<\/div>\n\t\t\t\t\t<\/div>\n\t\t\t\t<\/div>\n\t\t\t\t<\/div>","protected":false},"excerpt":{"rendered":"<p>Premii Locul I &#8211; SDC 2015 Premiul pentru cea mai bun\u0103 arhitectur\u0103 Premiul pentru cea mai bun\u0103 performan\u021b\u0103 seismic\u0103 Echipa Facultatea de Construc\u021bii:Ana Maria CarpeaAndrei Mihai ChisIulia Elena Maria F\u0103\u021banPaul MustaNorbert SarkoziMircea TerecAlexandru \u021aig\u0103nescu Facultatea de Arhitectur\u0103:Diana ComanAlexandru Ivan Greceniuc Poster &#8211; Beacon Tower Prezentarea echipei SDC UTCN 2015 Testimoniale &#8222;Pentru mine SDC a fost [&hellip;]<\/p>","protected":false},"author":1,"featured_media":0,"parent":0,"menu_order":0,"comment_status":"closed","ping_status":"closed","template":"","meta":{"footnotes":""},"class_list":["post-380","page","type-page","status-publish","hentry"],"_links":{"self":[{"href":"https:\/\/sdc.utcluj.ro\/en\/wp-json\/wp\/v2\/pages\/380","targetHints":{"allow":["GET"]}}],"collection":[{"href":"https:\/\/sdc.utcluj.ro\/en\/wp-json\/wp\/v2\/pages"}],"about":[{"href":"https:\/\/sdc.utcluj.ro\/en\/wp-json\/wp\/v2\/types\/page"}],"author":[{"embeddable":true,"href":"https:\/\/sdc.utcluj.ro\/en\/wp-json\/wp\/v2\/users\/1"}],"replies":[{"embeddable":true,"href":"https:\/\/sdc.utcluj.ro\/en\/wp-json\/wp\/v2\/comments?post=380"}],"version-history":[{"count":4,"href":"https:\/\/sdc.utcluj.ro\/en\/wp-json\/wp\/v2\/pages\/380\/revisions"}],"predecessor-version":[{"id":399,"href":"https:\/\/sdc.utcluj.ro\/en\/wp-json\/wp\/v2\/pages\/380\/revisions\/399"}],"wp:attachment":[{"href":"https:\/\/sdc.utcluj.ro\/en\/wp-json\/wp\/v2\/media?parent=380"}],"curies":[{"name":"wp","href":"https:\/\/api.w.org\/{rel}","templated":true}]}}