{"id":592,"date":"2024-12-12T08:05:25","date_gmt":"2024-12-12T08:05:25","guid":{"rendered":"https:\/\/sdc.utcluj.ro\/?page_id=592"},"modified":"2024-12-12T08:09:14","modified_gmt":"2024-12-12T08:09:14","slug":"sdc-2012-memphis","status":"publish","type":"page","link":"https:\/\/sdc.utcluj.ro\/en\/sdc-2012-memphis\/","title":{"rendered":"SDC 2012 &#8211; Memphis"},"content":{"rendered":"<div data-elementor-type=\"wp-post\" data-elementor-id=\"592\" class=\"elementor elementor-592\">\n\t\t\t\t<div class=\"elementor-element elementor-element-0c338c6 e-flex e-con-boxed e-con e-parent\" data-id=\"0c338c6\" data-element_type=\"container\" data-settings=\"{&quot;background_background&quot;:&quot;classic&quot;}\">\n\t\t\t\t\t<div class=\"e-con-inner\">\n\t\t\t\t\t<\/div>\n\t\t\t\t<\/div>\n\t\t<div class=\"elementor-element elementor-element-1942732 e-flex e-con-boxed e-con e-parent\" data-id=\"1942732\" data-element_type=\"container\">\n\t\t\t\t\t<div class=\"e-con-inner\">\n\t\t\t\t<div class=\"elementor-element elementor-element-e9e9ef2 elementor-widget elementor-widget-heading\" data-id=\"e9e9ef2\" data-element_type=\"widget\" data-widget_type=\"heading.default\">\n\t\t\t\t<div class=\"elementor-widget-container\">\n\t\t\t<h2 class=\"elementor-heading-title elementor-size-default\">Awards<\/h2>\t\t<\/div>\n\t\t\t\t<\/div>\n\t\t\t\t<div class=\"elementor-element elementor-element-fcefa43 elementor-widget elementor-widget-image\" data-id=\"fcefa43\" data-element_type=\"widget\" data-widget_type=\"image.default\">\n\t\t\t\t<div class=\"elementor-widget-container\">\n\t\t\t\t\t\t\t\t\t\t\t\t\t<img fetchpriority=\"high\" decoding=\"async\" width=\"800\" height=\"968\" src=\"https:\/\/sdc.utcluj.ro\/wp-content\/uploads\/2024\/12\/award1-3-846x1024.jpg\" class=\"attachment-large size-large wp-image-594\" alt=\"\" srcset=\"https:\/\/sdc.utcluj.ro\/wp-content\/uploads\/2024\/12\/award1-3-846x1024.jpg 846w, https:\/\/sdc.utcluj.ro\/wp-content\/uploads\/2024\/12\/award1-3-248x300.jpg 248w, https:\/\/sdc.utcluj.ro\/wp-content\/uploads\/2024\/12\/award1-3-768x930.jpg 768w, https:\/\/sdc.utcluj.ro\/wp-content\/uploads\/2024\/12\/award1-3-10x12.jpg 10w, https:\/\/sdc.utcluj.ro\/wp-content\/uploads\/2024\/12\/award1-3.jpg 1000w\" sizes=\"(max-width: 800px) 100vw, 800px\" \/>\t\t\t\t\t\t\t\t\t\t\t\t\t<\/div>\n\t\t\t\t<\/div>\n\t\t\t\t\t<\/div>\n\t\t\t\t<\/div>\n\t\t<div class=\"elementor-element elementor-element-bc79a14 e-flex e-con-boxed e-con e-parent\" data-id=\"bc79a14\" data-element_type=\"container\">\n\t\t\t\t\t<div class=\"e-con-inner\">\n\t\t\t\t<div class=\"elementor-element elementor-element-0b41bae elementor-widget__width-inherit elementor-widget-divider--view-line elementor-widget elementor-widget-divider\" data-id=\"0b41bae\" data-element_type=\"widget\" data-widget_type=\"divider.default\">\n\t\t\t\t<div class=\"elementor-widget-container\">\n\t\t\t\t\t<div class=\"elementor-divider\">\n\t\t\t<span class=\"elementor-divider-separator\">\n\t\t\t\t\t\t<\/span>\n\t\t<\/div>\n\t\t\t\t<\/div>\n\t\t\t\t<\/div>\n\t\t\t\t<div class=\"elementor-element elementor-element-6ed6ccf elementor-widget elementor-widget-heading\" data-id=\"6ed6ccf\" data-element_type=\"widget\" data-widget_type=\"heading.default\">\n\t\t\t\t<div class=\"elementor-widget-container\">\n\t\t\t<h2 class=\"elementor-heading-title elementor-size-default\">The Team\n<\/h2>\t\t<\/div>\n\t\t\t\t<\/div>\n\t\t\t\t<div class=\"elementor-element elementor-element-c1c8462 elementor-widget elementor-widget-text-editor\" data-id=\"c1c8462\" data-element_type=\"widget\" data-widget_type=\"text-editor.default\">\n\t\t\t\t<div class=\"elementor-widget-container\">\n\t\t\t\t\t\t\t<ul><li>Biro Csongor<\/li><li>Cimpoi Lucia<\/li><li>Hadi Szabolcs<\/li><li>Jurcu\u021b Anca Cristina<\/li><li>K\u00e1d\u00e1r Gy\u0151rgy<\/li><li>Kis Alp\u00e1r Sandor<\/li><li>K\u0151vecsi Tam\u00e1s<\/li><li>P\u00e9ntek M\u00e1t\u00e9 Tam\u00e1s<\/li><\/ul>\t\t\t\t\t\t<\/div>\n\t\t\t\t<\/div>\n\t\t\t\t\t<\/div>\n\t\t\t\t<\/div>\n\t\t<div class=\"elementor-element elementor-element-6c16fee e-flex e-con-boxed e-con e-parent\" data-id=\"6c16fee\" data-element_type=\"container\">\n\t\t\t\t\t<div class=\"e-con-inner\">\n\t\t\t\t<div class=\"elementor-element elementor-element-dd1ab53 elementor-widget__width-inherit elementor-widget-divider--view-line elementor-widget elementor-widget-divider\" data-id=\"dd1ab53\" data-element_type=\"widget\" data-widget_type=\"divider.default\">\n\t\t\t\t<div class=\"elementor-widget-container\">\n\t\t\t\t\t<div class=\"elementor-divider\">\n\t\t\t<span class=\"elementor-divider-separator\">\n\t\t\t\t\t\t<\/span>\n\t\t<\/div>\n\t\t\t\t<\/div>\n\t\t\t\t<\/div>\n\t\t\t\t<div class=\"elementor-element elementor-element-37e1fbd elementor-widget elementor-widget-heading\" data-id=\"37e1fbd\" data-element_type=\"widget\" data-widget_type=\"heading.default\">\n\t\t\t\t<div class=\"elementor-widget-container\">\n\t\t\t<h2 class=\"elementor-heading-title elementor-size-default\">Poster - The GR8 Tower\n<\/h2>\t\t<\/div>\n\t\t\t\t<\/div>\n\t\t\t\t<div class=\"elementor-element elementor-element-6622bdf elementor-widget elementor-widget-image\" data-id=\"6622bdf\" data-element_type=\"widget\" data-widget_type=\"image.default\">\n\t\t\t\t<div class=\"elementor-widget-container\">\n\t\t\t\t\t\t\t\t\t\t\t\t\t<img decoding=\"async\" width=\"700\" height=\"856\" src=\"https:\/\/sdc.utcluj.ro\/wp-content\/uploads\/2024\/12\/poster-4.jpg\" class=\"attachment-large size-large wp-image-595\" alt=\"\" srcset=\"https:\/\/sdc.utcluj.ro\/wp-content\/uploads\/2024\/12\/poster-4.jpg 700w, https:\/\/sdc.utcluj.ro\/wp-content\/uploads\/2024\/12\/poster-4-245x300.jpg 245w, https:\/\/sdc.utcluj.ro\/wp-content\/uploads\/2024\/12\/poster-4-10x12.jpg 10w\" sizes=\"(max-width: 700px) 100vw, 700px\" \/>\t\t\t\t\t\t\t\t\t\t\t\t\t<\/div>\n\t\t\t\t<\/div>\n\t\t\t\t\t<\/div>\n\t\t\t\t<\/div>\n\t\t<div class=\"elementor-element elementor-element-2641db8 e-flex e-con-boxed e-con e-parent\" data-id=\"2641db8\" data-element_type=\"container\">\n\t\t\t\t\t<div class=\"e-con-inner\">\n\t\t\t\t<div class=\"elementor-element elementor-element-9ccc573 elementor-widget__width-inherit elementor-widget-divider--view-line elementor-widget elementor-widget-divider\" data-id=\"9ccc573\" data-element_type=\"widget\" data-widget_type=\"divider.default\">\n\t\t\t\t<div class=\"elementor-widget-container\">\n\t\t\t\t\t<div class=\"elementor-divider\">\n\t\t\t<span class=\"elementor-divider-separator\">\n\t\t\t\t\t\t<\/span>\n\t\t<\/div>\n\t\t\t\t<\/div>\n\t\t\t\t<\/div>\n\t\t\t\t<div class=\"elementor-element elementor-element-ad93d82 elementor-widget elementor-widget-heading\" data-id=\"ad93d82\" data-element_type=\"widget\" data-widget_type=\"heading.default\">\n\t\t\t\t<div class=\"elementor-widget-container\">\n\t\t\t<h2 class=\"elementor-heading-title elementor-size-default\">Testing the structure at Seismic Design Competition 2012\n<\/h2>\t\t<\/div>\n\t\t\t\t<\/div>\n\t\t\t\t<div class=\"elementor-element elementor-element-b477757 elementor-widget elementor-widget-video\" data-id=\"b477757\" data-element_type=\"widget\" data-settings=\"{&quot;video_type&quot;:&quot;vimeo&quot;}\" data-widget_type=\"video.default\">\n\t\t\t\t<div class=\"elementor-widget-container\">\n\t\t\t\t\t<div class=\"elementor-wrapper elementor-open-inline\">\n\t\t\t<iframe class=\"elementor-video-iframe\" allowfullscreen allow=\"clipboard-write\" title=\"Player video vimeo\" src=\"https:\/\/player.vimeo.com\/video\/260296918?color&amp;autopause=0&amp;loop=0&amp;muted=0&amp;title=1&amp;portrait=1&amp;byline=1#t=\"><\/iframe>\t\t<\/div>\n\t\t\t\t<\/div>\n\t\t\t\t<\/div>\n\t\t\t\t\t<\/div>\n\t\t\t\t<\/div>\n\t\t\t\t<\/div>","protected":false},"excerpt":{"rendered":"<p>Premii Echipa Biro Csongor Cimpoi Lucia Hadi Szabolcs Jurcu\u021b Anca Cristina K\u00e1d\u00e1r Gy\u0151rgy Kis Alp\u00e1r Sandor K\u0151vecsi Tam\u00e1s P\u00e9ntek M\u00e1t\u00e9 Tam\u00e1s Poster &#8211; The GR8 Tower Testarea structurii la Seismic Design Competition 2012<\/p>","protected":false},"author":1,"featured_media":0,"parent":0,"menu_order":0,"comment_status":"closed","ping_status":"closed","template":"","meta":{"footnotes":""},"class_list":["post-592","page","type-page","status-publish","hentry"],"_links":{"self":[{"href":"https:\/\/sdc.utcluj.ro\/en\/wp-json\/wp\/v2\/pages\/592","targetHints":{"allow":["GET"]}}],"collection":[{"href":"https:\/\/sdc.utcluj.ro\/en\/wp-json\/wp\/v2\/pages"}],"about":[{"href":"https:\/\/sdc.utcluj.ro\/en\/wp-json\/wp\/v2\/types\/page"}],"author":[{"embeddable":true,"href":"https:\/\/sdc.utcluj.ro\/en\/wp-json\/wp\/v2\/users\/1"}],"replies":[{"embeddable":true,"href":"https:\/\/sdc.utcluj.ro\/en\/wp-json\/wp\/v2\/comments?post=592"}],"version-history":[{"count":10,"href":"https:\/\/sdc.utcluj.ro\/en\/wp-json\/wp\/v2\/pages\/592\/revisions"}],"predecessor-version":[{"id":605,"href":"https:\/\/sdc.utcluj.ro\/en\/wp-json\/wp\/v2\/pages\/592\/revisions\/605"}],"wp:attachment":[{"href":"https:\/\/sdc.utcluj.ro\/en\/wp-json\/wp\/v2\/media?parent=592"}],"curies":[{"name":"wp","href":"https:\/\/api.w.org\/{rel}","templated":true}]}}