{"id":85,"date":"2024-11-30T20:26:41","date_gmt":"2024-11-30T20:26:41","guid":{"rendered":"https:\/\/sdc.utcluj.ro\/?page_id=85"},"modified":"2026-01-30T15:29:59","modified_gmt":"2026-01-30T15:29:59","slug":"about-us","status":"publish","type":"page","link":"https:\/\/sdc.utcluj.ro\/en\/about-us\/","title":{"rendered":"About us"},"content":{"rendered":"<div data-elementor-type=\"wp-post\" data-elementor-id=\"85\" class=\"elementor elementor-85\">\n\t\t\t\t<div class=\"elementor-element elementor-element-0c338c6 e-flex e-con-boxed e-con e-parent\" data-id=\"0c338c6\" data-element_type=\"container\" data-settings=\"{&quot;background_background&quot;:&quot;classic&quot;}\">\n\t\t\t\t\t<div class=\"e-con-inner\">\n\t\t\t\t\t<\/div>\n\t\t\t\t<\/div>\n\t\t<div class=\"elementor-element elementor-element-1942732 e-con-full e-flex e-con e-parent\" data-id=\"1942732\" data-element_type=\"container\">\n\t\t\t\t<div class=\"elementor-element elementor-element-e9e9ef2 elementor-widget elementor-widget-heading\" data-id=\"e9e9ef2\" data-element_type=\"widget\" data-widget_type=\"heading.default\">\n\t\t\t\t<div class=\"elementor-widget-container\">\n\t\t\t<h2 class=\"elementor-heading-title elementor-size-default\">Who are we?\n<\/h2>\t\t<\/div>\n\t\t\t\t<\/div>\n\t\t\t\t<div class=\"elementor-element elementor-element-195d7ed elementor-widget elementor-widget-text-editor\" data-id=\"195d7ed\" data-element_type=\"widget\" data-widget_type=\"text-editor.default\">\n\t\t\t\t<div class=\"elementor-widget-container\">\n\t\t\t\t\t\t\t<p>Suntem o echip\u0103 de studen\u021bi ambi\u021bio\u0219i, \u00eencrez\u0103tori \u0219i dornici de a se afirma \u00een domeniul ingineriei seismice, care \u00eembr\u0103\u021bi\u0219eaz\u0103 cea mai mare provocare de p\u00e2n\u0103 acum: Seismic Design Competition. Ingineri \u0219i arhitec\u021bi, uni\u021bi de pasiunile noastre pentru \u0219tiin\u021b\u0103 \u0219i art\u0103, suntem motiva\u021bi de dinamismul care exist\u0103 \u00eentre etapele acestui proiect: de la idee la execu\u021bie, \u00eembin\u0103m cuno\u0219tin\u021be legate de structur\u0103, arhitectur\u0103, economie \u0219i inova\u021bie. Este o onoare s\u0103 fim noi cei care reprezint\u0103 Universitatea Tehnic\u0103 din Cluj-Napoca anul acesta la cea de a 16-a participare consecutiv\u0103 \u00een cadrul competi\u021biei \u0219i dorim s\u0103 ne ridic\u0103m la standardele \u00eenalte impuse de rezultatele echipelor din anii preceden\u021bi. Astfel, avem convingerea c\u0103 \u00een luna martie, prin participarea noastr\u0103 la cea de a 23-a edi\u021bie a concursului Seismic Design Competition, munca noastr\u0103 se va materializa \u00eentr-un rezultat pozitiv \u0219i vom men\u021bine aceast\u0103 tradi\u021bie a pove\u0219tilor de succes!<\/p><p>Reprezent\u00e2nd Universitatea Tehnic\u0103 din Cluj-Napoca ne dorim s\u0103 promov\u0103m ingineria seismic\u0103, ca form\u0103 de comunicare \u00eentre om \u0219i for\u021bele naturii care guverneaz\u0103 legile \u0219i principiile de func\u021bionare ale lumii imprevizibile \u00een care tr\u0103im. Motiva\u021bi \u0219i entuzia\u0219ti, \u00eencepem s\u0103 compunem cel de-al 16-lea capitol al acestei pove\u0219ti; poveste cu \u0219i despre eroi atipici, arhitec\u021bi \u0219i ingineri care \u00ee\u0219i unesc for\u021bele \u00een numele unei cauze comune: dorin\u021ba de a p\u0103stra exigen\u021bele impuse de echipele anterioare prin m\u00e2ndria \u0219i prestigiul pe care l-au adus \u021b\u0103rii noastre \u00een fiecare an.<\/p>\t\t\t\t\t\t<\/div>\n\t\t\t\t<\/div>\n\t\t\t\t<div class=\"elementor-element elementor-element-5dae8b3 elementor-widget elementor-widget-text-editor\" data-id=\"5dae8b3\" data-element_type=\"widget\" data-widget_type=\"text-editor.default\">\n\t\t\t\t<div class=\"elementor-widget-container\">\n\t\t\t\t\t\t\t<p><em>Privesc cu stim\u0103 mostenirea l\u0103sat\u0103 de toate cele 16 echipe SDC de p\u00e2n\u0103 acum \u0219i ajutorul partenerilor, f\u0103r\u0103 de care nu am fi putut ajunge unde suntem ast\u0103zi. Noi, echipa SDC 2026 vom duce mai departe aceast\u0103 tradi\u021bie a c\u00e2stigului d\u00e2nd dovad\u0103 de ambi\u021bie \u0219i motiva\u021bie. Uni\u021bi \u0219i perseveren\u021bi suntem preg\u0103ti\u021bi s\u0103 fim \u00eenving\u0103tori!<\/em><br \/><em>\u00a0 \u00a0 \u00a0 \u00a0 \u00a0 \u00a0 \u00a0 \u00a0 \u00a0 <strong>Pop Andrei Vasile<\/strong> &#8211; c\u0103pitanul echipei SDC UTCN 2026<\/em><\/p>\t\t\t\t\t\t<\/div>\n\t\t\t\t<\/div>\n\t\t\t\t<\/div>\n\t\t\t\t<\/div>","protected":false},"excerpt":{"rendered":"<p>Cine suntem? Suntem o echip\u0103 de studen\u021bi ambi\u021bio\u0219i, \u00eencrez\u0103tori \u0219i dornici de a se afirma \u00een domeniul ingineriei seismice, care \u00eembr\u0103\u021bi\u0219eaz\u0103 cea mai mare provocare de p\u00e2n\u0103 acum: Seismic Design Competition. Ingineri \u0219i arhitec\u021bi, uni\u021bi de pasiunile noastre pentru \u0219tiin\u021b\u0103 \u0219i art\u0103, suntem motiva\u021bi de dinamismul care exist\u0103 \u00eentre etapele acestui proiect: de la idee [&hellip;]<\/p>","protected":false},"author":1,"featured_media":0,"parent":0,"menu_order":0,"comment_status":"closed","ping_status":"closed","template":"","meta":{"footnotes":""},"class_list":["post-85","page","type-page","status-publish","hentry"],"_links":{"self":[{"href":"https:\/\/sdc.utcluj.ro\/en\/wp-json\/wp\/v2\/pages\/85","targetHints":{"allow":["GET"]}}],"collection":[{"href":"https:\/\/sdc.utcluj.ro\/en\/wp-json\/wp\/v2\/pages"}],"about":[{"href":"https:\/\/sdc.utcluj.ro\/en\/wp-json\/wp\/v2\/types\/page"}],"author":[{"embeddable":true,"href":"https:\/\/sdc.utcluj.ro\/en\/wp-json\/wp\/v2\/users\/1"}],"replies":[{"embeddable":true,"href":"https:\/\/sdc.utcluj.ro\/en\/wp-json\/wp\/v2\/comments?post=85"}],"version-history":[{"count":25,"href":"https:\/\/sdc.utcluj.ro\/en\/wp-json\/wp\/v2\/pages\/85\/revisions"}],"predecessor-version":[{"id":1684,"href":"https:\/\/sdc.utcluj.ro\/en\/wp-json\/wp\/v2\/pages\/85\/revisions\/1684"}],"wp:attachment":[{"href":"https:\/\/sdc.utcluj.ro\/en\/wp-json\/wp\/v2\/media?parent=85"}],"curies":[{"name":"wp","href":"https:\/\/api.w.org\/{rel}","templated":true}]}}